{"id":364783,"date":"2024-11-15T10:29:03","date_gmt":"2024-11-15T09:29:03","guid":{"rendered":"https:\/\/hunterlab.de\/soezluek\/"},"modified":"2026-04-09T09:15:36","modified_gmt":"2026-04-09T08:15:36","slug":"soezluek","status":"publish","type":"page","link":"https:\/\/www.hunterlab.eu\/tr\/soezluek\/","title":{"rendered":"S\u00f6zl\u00fck"},"content":{"rendered":"<p>[et_pb_section fb_built=&#8221;1&#8243; admin_label=&#8221;Hero Section&#8221; _builder_version=&#8221;4.27.5&#8243; _module_preset=&#8221;default&#8221; background_enable_color=&#8221;off&#8221; use_background_color_gradient=&#8221;on&#8221; background_color_gradient_stops=&#8221;rgba(28,28,28,0.4) 0%|rgba(28,28,28,0.4) 100%&#8221; background_color_gradient_overlays_image=&#8221;on&#8221; background_image=&#8221;https:\/\/hunterlab.de\/wp-content\/uploads\/2024\/03\/Hintergrund_bunt_11h-2880w.jpg&#8221; custom_margin=&#8221;||||false|false&#8221; custom_padding=&#8221;100px||100px||false|false&#8221; locked=&#8221;off&#8221; collapsed=&#8221;off&#8221; global_colors_info=&#8221;{}&#8221;][et_pb_row _builder_version=&#8221;4.19.4&#8243; _module_preset=&#8221;default&#8221; global_colors_info=&#8221;{}&#8221;][et_pb_column type=&#8221;4_4&#8243; _builder_version=&#8221;4.19.4&#8243; _module_preset=&#8221;default&#8221; global_colors_info=&#8221;{}&#8221;][difl_breadcrumbs use_separator_icon=&#8221;on&#8221; separator_font_icon=&#8221;&#x35;||divi||400&#8243; separator_icon_color=&#8221;#FFFFFF&#8221; home_text=&#8221;Ev&#8221; use_home_icon=&#8221;on&#8221; home_font_icon=&#8221;&#xe074;||divi||400&#8243; home_icon_color=&#8221;#FFFFFF&#8221; alignment=&#8221;center&#8221; enable_schema=&#8221;on&#8221; home_icon_margin=&#8221;5px|9px|||false|false&#8221; _builder_version=&#8221;4.24.2&#8243; _module_preset=&#8221;default&#8221; pages_font_font=&#8221;|600|||||||&#8221; pages_font_text_color=&#8221;#FFFFFF&#8221; pages_font_line_height=&#8221;22px&#8221; home_font_font=&#8221;|700|||||||&#8221; home_font_line_height=&#8221;24px&#8221; custom_margin=&#8221;||0px||false|false&#8221; locked=&#8221;off&#8221; global_colors_info=&#8221;{}&#8221;][\/difl_breadcrumbs][et_pb_text content_tablet=&#8221;<\/p>\n<h1>Renk \u00f6l\u00e7\u00fcm teknolojisi \u00fczerine blog<\/h1>\n<p>&#8221; content_phone=&#8221;<\/p>\n<h1>Renk \u00f6l\u00e7\u00fcm\u00fc \u00fczerine blog<\/h1>\n<p>&#8221; content_last_edited=&#8221;off|desktop&#8221; _builder_version=&#8221;4.27.3&#8243; _module_preset=&#8221;1b125d6a-18b9-4d45-a0d9-c5fc972be853&#8243; custom_padding=&#8221;||||false|false&#8221; header_font_size_tablet=&#8221;&#8221; header_font_size_phone=&#8221;32px&#8221; header_font_size_last_edited=&#8221;on|phone&#8221; header_line_height_tablet=&#8221;&#8221; header_line_height_phone=&#8221;42px&#8221; header_line_height_last_edited=&#8221;on|phone&#8221; global_colors_info=&#8221;{}&#8221;]<\/p>\n<h1>S\u00f6zl\u00fck<\/h1>\n<p>[\/et_pb_text][et_pb_text _builder_version=&#8221;4.27.3&#8243; _module_preset=&#8221;1b125d6a-18b9-4d45-a0d9-c5fc972be853&#8243; text_font=&#8221;||||||||&#8221; text_font_size=&#8221;18px&#8221; text_line_height=&#8221;30px&#8221; custom_padding=&#8221;||||false|false&#8221; global_colors_info=&#8221;{}&#8221;]S\u00f6zl\u00fc\u011f\u00fcm\u00fcz\u00fc ke\u015ffedin! Renk \u00f6l\u00e7\u00fcm\u00fc, renk standard\u0131 ve spektrofotometreler hakk\u0131nda bilmeniz gereken her \u015feyi \u00f6\u011frenin. Basit\u00e7e a\u00e7\u0131klanm\u0131\u015f, pratik ve isabetli. Yeni ba\u015flayanlar ve uzmanlar i\u00e7in m\u00fckemmel![\/et_pb_text][\/et_pb_column][\/et_pb_row][\/et_pb_section][et_pb_section fb_built=&#8221;1&#8243; admin_label=&#8221;Hero Section&#8221; _builder_version=&#8221;4.27.3&#8243; _module_preset=&#8221;default&#8221; custom_margin=&#8221;||||false|false&#8221; custom_padding=&#8221;100px||100px||false|false&#8221; locked=&#8221;off&#8221; collapsed=&#8221;off&#8221; global_colors_info=&#8221;{}&#8221;][et_pb_row _builder_version=&#8221;4.19.4&#8243; _module_preset=&#8221;default&#8221; global_colors_info=&#8221;{}&#8221;][et_pb_column type=&#8221;4_4&#8243; _builder_version=&#8221;4.19.4&#8243; _module_preset=&#8221;default&#8221; global_colors_info=&#8221;{}&#8221;][et_pb_code _builder_version=&#8221;4.27.3&#8243; _module_preset=&#8221;default&#8221; global_colors_info=&#8221;{}&#8221;]<div class=\"cm-glossary accordion-view\"><div class=\"glossary-container \"><input type=\"hidden\" class=\"cmtt-attribute-field\" name=\"glossary_index_style\" value=\"accordion-view\">        <div class=\"progress-indicator\" style=\"display:none\">\r\n                            <img decoding=\"async\" src=\"https:\/\/www.hunterlab.eu\/wp-content\/plugins\/TooltipProEcommerce\/assets\/css\/images\/ajax-loader.gif\" alt=\"AJAX progress indicator\"\/>\r\n                    <\/div>\r\n\t\t<div class=\"glossary_top_filter\">\r\n\t\t\t<div class=\"left\">\r\n\t\t\t\t\t\t\t\t\t\t<div class=\"cmtt_help glossary-search-helpitem\"\r\n\t\t\t\t\t\t     data-cmtooltip=\"The search returns the partial search for the given query from both the term title and description. So it will return the results even if the given query is part of the word in the description.\"><\/div>\r\n\t\t\t\t\t\t\t\t\t\t<div class=\"glossary-search-wrapper\">\r\n                        <span class=\"glossary-search-label\">Suche:<\/span>\r\n\t\t\t\t\t\t                            <input value=\"\"\r\n                                   placeholder=\"\"\r\n                                   class=\"glossary-search-term \"\r\n                                   name=\"glossary-search-term\"\r\n                                   id=\"glossary-search-term\"\r\n                                   aria-label=\"Suchen\"\/>\r\n                            <button type=\"submit\" id=\"glossary-search\"\r\n                                    class=\"glossary-search button\">Suchen<\/button>\r\n\r\n                            <a class=\"glossary-search-clear\"\r\n                               title=\"Clear the input\"\r\n                               href=\"\">\r\n                                (leeren)                            <\/a>\r\n                    <\/div>\r\n\t\t\t\t\t\t\t\t<\/div>\r\n\t\t\t\t\t<\/div>\r\n        \r\n\t\t<input type=\"hidden\" class=\"cmtt-attribute-field\" name=\"disable_listnav\"\r\n\t\t       value=\"0\"\/>\r\n\t\t<input type=\"hidden\" class=\"cmtt-attribute-field\" name=\"exact_search\"\r\n\t\t       value=\"0\"\/>\r\n\t\t<input type=\"hidden\" class=\"cmtt-attribute-field\" name=\"show_search\"\r\n\t\t       value=\"1\"\/>\r\n\t\t<input type=\"hidden\" class=\"glossary-hide-terms\" name=\"glossary-hide-terms\"\r\n\t\t       value=\"0\"\/>\r\n\t\t<input type=\"hidden\" class=\"glossary-hide-categories\" name=\"glossary-hide-categories\"\r\n\t\t       value=\"0\"\/>\r\n\t\t<input type=\"hidden\" class=\"glossary-hide-abbrevs\" name=\"glossary-hide-abbrevs\"\r\n\t\t       value=\"0\"\/>\r\n\t\t<input type=\"hidden\" class=\"glossary-hide-synonyms\" name=\"glossary-hide-synonyms\"\r\n\t\t       value=\"0\"\/>\r\n\t\t<input type=\"hidden\" class=\"glossary-perpage\" name=\"glossary-perpage\"\r\n\t\t       value=\"0\"\/>\r\n\t\t<input type=\"hidden\" name=\"tooltip_language\"\r\n\t\t       value=\"\"\/>\r\n\t\t<input type=\"hidden\" name=\"language_dropdown\"\r\n\t\t       value=\"\"\/>\r\n\t\t<input type=\"hidden\" name=\"languages_for_table\"\r\n\t\t       value=\"\"\/>\r\n\t\t<div id=\"glossaryList-nav\" class=\"listNav medium\" role=\"tablist\"><div class=\"ln-letters \"><a class=\"ln-all ln-serv-letter ln-selected\" data-letter=\"all\" data-letter-count=\"0\" href=\"https:\/\/www.hunterlab.eu\/tr\/soezluek\/\" >ALLE<\/a><a class=\"lnletter-a ln-serv-letter ln-disabled\" data-letter-count=\"0\" data-letter=\"a\" href=\"https:\/\/www.hunterlab.eu\/tr\/soezluek\/?letter=a\" >A<\/a><a class=\"lnletter-b ln-serv-letter ln-disabled\" data-letter-count=\"0\" data-letter=\"b\" href=\"https:\/\/www.hunterlab.eu\/tr\/soezluek\/?letter=b\" >B<\/a><a class=\"lnletter-c ln-serv-letter ln-disabled\" data-letter-count=\"0\" data-letter=\"c\" href=\"https:\/\/www.hunterlab.eu\/tr\/soezluek\/?letter=c\" >C<\/a><a class=\"lnletter-d ln-serv-letter ln-disabled\" data-letter-count=\"0\" data-letter=\"d\" href=\"https:\/\/www.hunterlab.eu\/tr\/soezluek\/?letter=d\" >D<\/a><a class=\"lnletter-e ln-serv-letter ln-disabled\" data-letter-count=\"0\" data-letter=\"e\" href=\"https:\/\/www.hunterlab.eu\/tr\/soezluek\/?letter=e\" >E<\/a><a class=\"lnletter-f ln-serv-letter ln-disabled\" data-letter-count=\"0\" data-letter=\"f\" href=\"https:\/\/www.hunterlab.eu\/tr\/soezluek\/?letter=f\" >F<\/a><a class=\"lnletter-g ln-serv-letter ln-disabled\" data-letter-count=\"0\" data-letter=\"g\" href=\"https:\/\/www.hunterlab.eu\/tr\/soezluek\/?letter=g\" >G<\/a><a class=\"lnletter-h ln-serv-letter ln-disabled\" data-letter-count=\"0\" data-letter=\"h\" href=\"https:\/\/www.hunterlab.eu\/tr\/soezluek\/?letter=h\" >H<\/a><a class=\"lnletter-i ln-serv-letter ln-disabled\" data-letter-count=\"0\" data-letter=\"i\" href=\"https:\/\/www.hunterlab.eu\/tr\/soezluek\/?letter=i\" >I<\/a><a class=\"lnletter-j ln-serv-letter ln-disabled\" data-letter-count=\"0\" data-letter=\"j\" href=\"https:\/\/www.hunterlab.eu\/tr\/soezluek\/?letter=j\" >J<\/a><a class=\"lnletter-k ln-serv-letter ln-disabled\" data-letter-count=\"0\" data-letter=\"k\" href=\"https:\/\/www.hunterlab.eu\/tr\/soezluek\/?letter=k\" >K<\/a><a class=\"lnletter-l ln-serv-letter ln-disabled\" data-letter-count=\"0\" data-letter=\"l\" href=\"https:\/\/www.hunterlab.eu\/tr\/soezluek\/?letter=l\" >L<\/a><a class=\"lnletter-m ln-serv-letter ln-disabled\" data-letter-count=\"0\" data-letter=\"m\" href=\"https:\/\/www.hunterlab.eu\/tr\/soezluek\/?letter=m\" >M<\/a><a class=\"lnletter-n ln-serv-letter ln-disabled\" data-letter-count=\"0\" data-letter=\"n\" href=\"https:\/\/www.hunterlab.eu\/tr\/soezluek\/?letter=n\" >N<\/a><a class=\"lnletter-o ln-serv-letter ln-disabled\" data-letter-count=\"0\" data-letter=\"o\" href=\"https:\/\/www.hunterlab.eu\/tr\/soezluek\/?letter=o\" >O<\/a><a class=\"lnletter-p ln-serv-letter ln-disabled\" data-letter-count=\"0\" data-letter=\"p\" href=\"https:\/\/www.hunterlab.eu\/tr\/soezluek\/?letter=p\" >P<\/a><a class=\"lnletter-q ln-serv-letter ln-disabled\" data-letter-count=\"0\" data-letter=\"q\" href=\"https:\/\/www.hunterlab.eu\/tr\/soezluek\/?letter=q\" >Q<\/a><a class=\"lnletter-r ln-serv-letter ln-disabled\" data-letter-count=\"0\" data-letter=\"r\" href=\"https:\/\/www.hunterlab.eu\/tr\/soezluek\/?letter=r\" >R<\/a><a class=\"lnletter-s ln-serv-letter ln-disabled\" data-letter-count=\"0\" data-letter=\"s\" href=\"https:\/\/www.hunterlab.eu\/tr\/soezluek\/?letter=s\" >S<\/a><a class=\"lnletter-t ln-serv-letter ln-disabled\" data-letter-count=\"0\" data-letter=\"t\" href=\"https:\/\/www.hunterlab.eu\/tr\/soezluek\/?letter=t\" >T<\/a><a class=\"lnletter-u ln-serv-letter ln-disabled\" data-letter-count=\"0\" data-letter=\"u\" href=\"https:\/\/www.hunterlab.eu\/tr\/soezluek\/?letter=u\" >U<\/a><a class=\"lnletter-v ln-serv-letter ln-disabled\" data-letter-count=\"0\" data-letter=\"v\" href=\"https:\/\/www.hunterlab.eu\/tr\/soezluek\/?letter=v\" >V<\/a><a class=\"lnletter-w ln-serv-letter ln-disabled\" data-letter-count=\"0\" data-letter=\"w\" href=\"https:\/\/www.hunterlab.eu\/tr\/soezluek\/?letter=w\" >W<\/a><a class=\"lnletter-x ln-serv-letter ln-disabled\" data-letter-count=\"0\" data-letter=\"x\" href=\"https:\/\/www.hunterlab.eu\/tr\/soezluek\/?letter=x\" >X<\/a><a class=\"lnletter-y ln-serv-letter ln-disabled\" data-letter-count=\"0\" data-letter=\"y\" href=\"https:\/\/www.hunterlab.eu\/tr\/soezluek\/?letter=y\" >Y<\/a><a class=\"lnletter-z ln-serv-letter ln-last ln-disabled\" data-letter-count=\"0\" data-letter=\"z\" href=\"https:\/\/www.hunterlab.eu\/tr\/soezluek\/?letter=z\" >Z<\/a><div class=\"ln-letter-count\" style=\"position: absolute; top: 0px; left: 88px; width: 20px; display: none;\"><\/div><\/div><\/div><span class=\"error\">Nothing found. Please change the filters.<\/span><\/div><div class=\"clear clearfix cmtt-clearfix\"><\/div><\/div>[\/et_pb_code][\/et_pb_column][\/et_pb_row][\/et_pb_section]<\/p>\n","protected":false},"excerpt":{"rendered":"<p><div class=\"et_pb_module difl_breadcrumbs difl_breadcrumbs_0\">\n\t\t\t\t\n\t\t\t\t\n\t\t\t\t\n\t\t\t\t\n\t\t\t\t\n\t\t\t\t\n\t\t\t\t<div class=\"et_pb_module_inner\">\n\t\t\t\t\t<div class=\"df_breadcrumbs_container\">\n                             <script type=\"application\/ld+json\">{\"@context\":\"https:\\\/\\\/schema.org\\\/\",\"@type\":\"BreadcrumbList\",\"itemListElement\":[{\"@type\":\"ListItem\",\"position\":1,\"name\":\" Ev\",\"item\":\"https:\\\/\\\/www.hunterlab.eu\\\/tr\\\/\"}]}<\/script>\n                            <div class=\"df_breadcrumbs_wrapper\">\n                                <ul class=\"df-breadcrumbs\"><li class=\"df-breadcrumbs-item df-breadcrumbs-start\"><a href=\"https:\/\/www.hunterlab.eu\/tr\/\"  rel=\"home\"><span class=\"df-breadcrumbs-text\"> <span class=\"df-breadcrumbs-home-icon\"><span class=\"et-pb-icon df-home-icon\">&#xe074;<\/span><\/span> Ev <\/span><\/a><\/li><\/ul>\n                            <\/div>\n\n                        <\/div>\n\t\t\t\t<\/div>\n\t\t\t<\/div>S\u00f6zl\u00fckS\u00f6zl\u00fc\u011f\u00fcm\u00fcz\u00fc ke\u015ffedin! Renk \u00f6l\u00e7\u00fcm\u00fc, renk standard\u0131 ve spektrofotometreler hakk\u0131nda bilmeniz gereken her \u015feyi \u00f6\u011frenin. Basit\u00e7e a\u00e7\u0131klanm\u0131\u015f, pratik ve isabetli. Yeni ba\u015flayanlar ve uzmanlar i\u00e7in m\u00fckemmel!<div class=\"cm-glossary accordion-view\"><div class=\"glossary-container \"><input type=\"hidden\" class=\"cmtt-attribute-field\" name=\"glossary_index_style\" value=\"accordion-view\">        <div class=\"progress-indicator\" style=\"display:none\">\r\n                            <img decoding=\"async\" src=\"https:\/\/www.hunterlab.eu\/wp-content\/plugins\/TooltipProEcommerce\/assets\/css\/images\/ajax-loader.gif\" alt=\"AJAX progress indicator\"\/>\r\n                    <\/div>\r\n\t\t<div class=\"glossary_top_filter\">\r\n\t\t\t<div class=\"left\">\r\n\t\t\t\t\t\t\t\t\t\t<div class=\"cmtt_help glossary-search-helpitem\"\r\n\t\t\t\t\t\t     data-cmtooltip=\"The search returns the partial search for the given query from both the term title and description. So it will return the results even if the given query is part of the word in the description.\"><\/div>\r\n\t\t\t\t\t\t\t\t\t\t<div class=\"glossary-search-wrapper\">\r\n                        <span class=\"glossary-search-label\">Suche:<\/span>\r\n\t\t\t\t\t\t                            <input value=\"\"\r\n                                   placeholder=\"\"\r\n                                   class=\"glossary-search-term \"\r\n                                   name=\"glossary-search-term\"\r\n                                   id=\"glossary-search-term\"\r\n                                   aria-label=\"Suchen\"\/>\r\n                            <button type=\"submit\" id=\"glossary-search\"\r\n                                    class=\"glossary-search button\">Suchen<\/button>\r\n\r\n                            <a class=\"glossary-search-clear\"\r\n                               title=\"Clear the input\"\r\n                               href=\"\">\r\n                                (leeren)                            <\/a>\r\n                    <\/div>\r\n\t\t\t\t\t\t\t\t<\/div>\r\n\t\t\t\t\t<\/div>\r\n        \r\n\t\t<input type=\"hidden\" class=\"cmtt-attribute-field\" name=\"disable_listnav\"\r\n\t\t       value=\"0\"\/>\r\n\t\t<input type=\"hidden\" class=\"cmtt-attribute-field\" name=\"exact_search\"\r\n\t\t       value=\"0\"\/>\r\n\t\t<input type=\"hidden\" class=\"cmtt-attribute-field\" name=\"show_search\"\r\n\t\t       value=\"1\"\/>\r\n\t\t<input type=\"hidden\" class=\"glossary-hide-terms\" name=\"glossary-hide-terms\"\r\n\t\t       value=\"0\"\/>\r\n\t\t<input type=\"hidden\" class=\"glossary-hide-categories\" name=\"glossary-hide-categories\"\r\n\t\t       value=\"0\"\/>\r\n\t\t<input type=\"hidden\" class=\"glossary-hide-abbrevs\" name=\"glossary-hide-abbrevs\"\r\n\t\t       value=\"0\"\/>\r\n\t\t<input type=\"hidden\" class=\"glossary-hide-synonyms\" name=\"glossary-hide-synonyms\"\r\n\t\t       value=\"0\"\/>\r\n\t\t<input type=\"hidden\" class=\"glossary-perpage\" name=\"glossary-perpage\"\r\n\t\t       value=\"0\"\/>\r\n\t\t<input type=\"hidden\" name=\"tooltip_language\"\r\n\t\t       value=\"\"\/>\r\n\t\t<input type=\"hidden\" name=\"language_dropdown\"\r\n\t\t       value=\"\"\/>\r\n\t\t<input type=\"hidden\" name=\"languages_for_table\"\r\n\t\t       value=\"\"\/>\r\n\t\t<div id=\"glossaryList-nav\" class=\"listNav medium\" role=\"tablist\"><div class=\"ln-letters \"><a class=\"ln-all ln-serv-letter ln-selected\" data-letter=\"all\" data-letter-count=\"0\" href=\"https:\/\/www.hunterlab.eu\/tr\/soezluek\/\" >ALLE<\/a><a class=\"lnletter-a ln-serv-letter ln-disabled\" data-letter-count=\"0\" data-letter=\"a\" href=\"https:\/\/www.hunterlab.eu\/tr\/soezluek\/?letter=a\" >A<\/a><a class=\"lnletter-b ln-serv-letter ln-disabled\" data-letter-count=\"0\" data-letter=\"b\" href=\"https:\/\/www.hunterlab.eu\/tr\/soezluek\/?letter=b\" >B<\/a><a class=\"lnletter-c ln-serv-letter ln-disabled\" data-letter-count=\"0\" data-letter=\"c\" href=\"https:\/\/www.hunterlab.eu\/tr\/soezluek\/?letter=c\" >C<\/a><a class=\"lnletter-d ln-serv-letter ln-disabled\" data-letter-count=\"0\" data-letter=\"d\" href=\"https:\/\/www.hunterlab.eu\/tr\/soezluek\/?letter=d\" >D<\/a><a class=\"lnletter-e ln-serv-letter ln-disabled\" data-letter-count=\"0\" data-letter=\"e\" href=\"https:\/\/www.hunterlab.eu\/tr\/soezluek\/?letter=e\" >E<\/a><a class=\"lnletter-f ln-serv-letter ln-disabled\" data-letter-count=\"0\" data-letter=\"f\" href=\"https:\/\/www.hunterlab.eu\/tr\/soezluek\/?letter=f\" >F<\/a><a class=\"lnletter-g ln-serv-letter ln-disabled\" data-letter-count=\"0\" data-letter=\"g\" href=\"https:\/\/www.hunterlab.eu\/tr\/soezluek\/?letter=g\" >G<\/a><a class=\"lnletter-h ln-serv-letter ln-disabled\" data-letter-count=\"0\" data-letter=\"h\" href=\"https:\/\/www.hunterlab.eu\/tr\/soezluek\/?letter=h\" >H<\/a><a class=\"lnletter-i ln-serv-letter ln-disabled\" data-letter-count=\"0\" data-letter=\"i\" href=\"https:\/\/www.hunterlab.eu\/tr\/soezluek\/?letter=i\" >I<\/a><a class=\"lnletter-j ln-serv-letter ln-disabled\" data-letter-count=\"0\" data-letter=\"j\" href=\"https:\/\/www.hunterlab.eu\/tr\/soezluek\/?letter=j\" >J<\/a><a class=\"lnletter-k ln-serv-letter ln-disabled\" data-letter-count=\"0\" data-letter=\"k\" href=\"https:\/\/www.hunterlab.eu\/tr\/soezluek\/?letter=k\" >K<\/a><a class=\"lnletter-l ln-serv-letter ln-disabled\" data-letter-count=\"0\" data-letter=\"l\" href=\"https:\/\/www.hunterlab.eu\/tr\/soezluek\/?letter=l\" >L<\/a><a class=\"lnletter-m ln-serv-letter ln-disabled\" data-letter-count=\"0\" data-letter=\"m\" href=\"https:\/\/www.hunterlab.eu\/tr\/soezluek\/?letter=m\" >M<\/a><a class=\"lnletter-n ln-serv-letter ln-disabled\" data-letter-count=\"0\" data-letter=\"n\" href=\"https:\/\/www.hunterlab.eu\/tr\/soezluek\/?letter=n\" >N<\/a><a class=\"lnletter-o ln-serv-letter ln-disabled\" data-letter-count=\"0\" data-letter=\"o\" href=\"https:\/\/www.hunterlab.eu\/tr\/soezluek\/?letter=o\" >O<\/a><a class=\"lnletter-p ln-serv-letter ln-disabled\" data-letter-count=\"0\" data-letter=\"p\" href=\"https:\/\/www.hunterlab.eu\/tr\/soezluek\/?letter=p\" >P<\/a><a class=\"lnletter-q ln-serv-letter ln-disabled\" data-letter-count=\"0\" data-letter=\"q\" href=\"https:\/\/www.hunterlab.eu\/tr\/soezluek\/?letter=q\" >Q<\/a><a class=\"lnletter-r ln-serv-letter ln-disabled\" data-letter-count=\"0\" data-letter=\"r\" href=\"https:\/\/www.hunterlab.eu\/tr\/soezluek\/?letter=r\" >R<\/a><a class=\"lnletter-s ln-serv-letter ln-disabled\" data-letter-count=\"0\" data-letter=\"s\" href=\"https:\/\/www.hunterlab.eu\/tr\/soezluek\/?letter=s\" >S<\/a><a class=\"lnletter-t ln-serv-letter ln-disabled\" data-letter-count=\"0\" data-letter=\"t\" href=\"https:\/\/www.hunterlab.eu\/tr\/soezluek\/?letter=t\" >T<\/a><a class=\"lnletter-u ln-serv-letter ln-disabled\" data-letter-count=\"0\" data-letter=\"u\" href=\"https:\/\/www.hunterlab.eu\/tr\/soezluek\/?letter=u\" >U<\/a><a class=\"lnletter-v ln-serv-letter ln-disabled\" data-letter-count=\"0\" data-letter=\"v\" href=\"https:\/\/www.hunterlab.eu\/tr\/soezluek\/?letter=v\" >V<\/a><a class=\"lnletter-w ln-serv-letter ln-disabled\" data-letter-count=\"0\" data-letter=\"w\" href=\"https:\/\/www.hunterlab.eu\/tr\/soezluek\/?letter=w\" >W<\/a><a class=\"lnletter-x ln-serv-letter ln-disabled\" data-letter-count=\"0\" data-letter=\"x\" href=\"https:\/\/www.hunterlab.eu\/tr\/soezluek\/?letter=x\" >X<\/a><a class=\"lnletter-y ln-serv-letter ln-disabled\" data-letter-count=\"0\" data-letter=\"y\" href=\"https:\/\/www.hunterlab.eu\/tr\/soezluek\/?letter=y\" >Y<\/a><a class=\"lnletter-z ln-serv-letter ln-last ln-disabled\" data-letter-count=\"0\" data-letter=\"z\" href=\"https:\/\/www.hunterlab.eu\/tr\/soezluek\/?letter=z\" >Z<\/a><div class=\"ln-letter-count\" style=\"position: absolute; top: 0px; left: 88px; width: 20px; display: none;\"><\/div><\/div><\/div><span class=\"error\">Nothing found. Please change the filters.<\/span><\/div><div class=\"clear clearfix cmtt-clearfix\"><\/div><\/div><\/p>\n","protected":false},"author":1,"featured_media":0,"parent":0,"menu_order":13,"comment_status":"closed","ping_status":"closed","template":"","meta":{"_et_pb_use_builder":"on","_et_pb_old_content":"","_et_gb_content_width":"","footnotes":""},"difl_page_category":[],"class_list":["post-364783","page","type-page","status-publish","hentry"],"_links":{"self":[{"href":"https:\/\/www.hunterlab.eu\/tr\/wp-json\/wp\/v2\/pages\/364783","targetHints":{"allow":["GET"]}}],"collection":[{"href":"https:\/\/www.hunterlab.eu\/tr\/wp-json\/wp\/v2\/pages"}],"about":[{"href":"https:\/\/www.hunterlab.eu\/tr\/wp-json\/wp\/v2\/types\/page"}],"author":[{"embeddable":true,"href":"https:\/\/www.hunterlab.eu\/tr\/wp-json\/wp\/v2\/users\/1"}],"replies":[{"embeddable":true,"href":"https:\/\/www.hunterlab.eu\/tr\/wp-json\/wp\/v2\/comments?post=364783"}],"version-history":[{"count":0,"href":"https:\/\/www.hunterlab.eu\/tr\/wp-json\/wp\/v2\/pages\/364783\/revisions"}],"wp:attachment":[{"href":"https:\/\/www.hunterlab.eu\/tr\/wp-json\/wp\/v2\/media?parent=364783"}],"wp:term":[{"taxonomy":"difl_page_category","embeddable":true,"href":"https:\/\/www.hunterlab.eu\/tr\/wp-json\/wp\/v2\/difl_page_category?post=364783"}],"curies":[{"name":"wp","href":"https:\/\/api.w.org\/{rel}","templated":true}]}}