{"id":366356,"date":"2024-04-13T13:08:14","date_gmt":"2024-04-13T12:08:14","guid":{"rendered":"https:\/\/hunterlab.de\/demonstratie-live\/"},"modified":"2026-04-09T09:30:41","modified_gmt":"2026-04-09T08:30:41","slug":"demonstratie-live","status":"publish","type":"page","link":"https:\/\/www.hunterlab.eu\/ro\/demonstratie-live\/","title":{"rendered":"Demonstra\u021bie live"},"content":{"rendered":"<p>[et_pb_section fb_built=&#8221;1&#8243; custom_padding_last_edited=&#8221;on|phone&#8221; admin_label=&#8221;Hero Section&#8221; _builder_version=&#8221;4.24.3&#8243; _module_preset=&#8221;default&#8221; background_enable_color=&#8221;off&#8221; use_background_color_gradient=&#8221;on&#8221; background_color_gradient_stops=&#8221;rgba(0,0,0,0.5) 0%|rgba(0,0,0,0.5) 100%&#8221; background_color_gradient_overlays_image=&#8221;on&#8221; background_image=&#8221;https:\/\/hunterlab.de\/wp-content\/uploads\/2024\/04\/HunterLab_Farbmessung-gelber-Fluessigkeiten_Head_w-2880w.jpg&#8221; custom_margin=&#8221;||||false|false&#8221; custom_padding=&#8221;100px||100px||false|false&#8221; custom_padding_tablet=&#8221;50px||50px||true|false&#8221; custom_padding_phone=&#8221;0px||0px||true|false&#8221; collapsed=&#8221;off&#8221; global_colors_info=&#8221;{}&#8221;][et_pb_row _builder_version=&#8221;4.19.4&#8243; _module_preset=&#8221;default&#8221; global_colors_info=&#8221;{}&#8221;][et_pb_column type=&#8221;4_4&#8243; _builder_version=&#8221;4.19.4&#8243; _module_preset=&#8221;default&#8221; global_colors_info=&#8221;{}&#8221;][difl_breadcrumbs use_separator_icon=&#8221;on&#8221; separator_font_icon=&#8221;&#x35;||divi||400&#8243; separator_icon_color=&#8221;#FFFFFF&#8221; home_text=&#8221;Acas\u0103&#8221; use_home_icon=&#8221;on&#8221; home_font_icon=&#8221;&#xe074;||divi||400&#8243; home_icon_color=&#8221;#FFFFFF&#8221; enable_schema=&#8221;on&#8221; home_icon_margin=&#8221;5px|9px|||false|false&#8221; _builder_version=&#8221;4.27.4&#8243; _module_preset=&#8221;default&#8221; pages_font_font=&#8221;|600|||||||&#8221; pages_font_text_color=&#8221;#FFFFFF&#8221; pages_font_line_height=&#8221;22px&#8221; home_font_font=&#8221;|700|||||||&#8221; home_font_line_height=&#8221;24px&#8221; custom_margin=&#8221;||0px||false|false&#8221; locked=&#8221;off&#8221; global_colors_info=&#8221;{}&#8221;][\/difl_breadcrumbs][et_pb_text _builder_version=&#8221;4.27.4&#8243; _module_preset=&#8221;default&#8221; text_font=&#8221;|700|||||||&#8221; text_text_color=&#8221;#ffffff&#8221; text_font_size=&#8221;56px&#8221; text_line_height=&#8221;68px&#8221; header_font=&#8221;||||||||&#8221; header_text_color=&#8221;#FFFFFF&#8221; header_2_font=&#8221;|700|||||||&#8221; header_2_text_align=&#8221;left&#8221; header_2_text_color=&#8221;#FFFFFF&#8221; header_2_font_size=&#8221;56px&#8221; header_2_line_height=&#8221;68px&#8221; text_orientation=&#8221;center&#8221; custom_margin=&#8221;||0px||false|false&#8221; header_2_font_size_tablet=&#8221;56px&#8221; header_2_font_size_phone=&#8221;32px&#8221; header_2_font_size_last_edited=&#8221;on|phone&#8221; header_2_line_height_tablet=&#8221;68px&#8221; header_2_line_height_phone=&#8221;42px&#8221; header_2_line_height_last_edited=&#8221;on|phone&#8221; global_colors_info=&#8221;{}&#8221;]<\/p>\n<h2>Demonstra\u021bie live a dispozitivelor noastre de la distan\u021b\u0103<\/h2>\n<p>[\/et_pb_text][et_pb_text _builder_version=&#8221;4.27.4&#8243; _module_preset=&#8221;default&#8221; text_font=&#8221;||||||||&#8221; text_text_color=&#8221;#FFFFFF&#8221; text_font_size=&#8221;18px&#8221; header_font=&#8221;|||on|||||&#8221; header_text_color=&#8221;#FFFFFF&#8221; header_2_font=&#8221;|||on|||||&#8221; header_2_text_color=&#8221;#FFFFFF&#8221; header_3_text_color=&#8221;#FFFFFF&#8221; header_3_font_size=&#8221;18px&#8221; custom_margin=&#8221;||0px||false|false&#8221; global_colors_info=&#8221;{}&#8221;]<strong>V\u0103 vom ar\u0103ta cum func\u021bioneaz\u0103!<\/strong><br \/>\n\u00centr-o demonstra\u021bie live prin Zoom, Teams etc. pute\u021bi ob\u021bine o impresie detaliat\u0103 a modului \u00een care func\u021bioneaz\u0103 dispozitivele noastre \u0219i pute\u021bi discuta direct cu exper\u021bii no\u0219tri \u00een colorimetrie despre aplica\u021bia dvs.<br \/>\nPur \u0219i simplu completa\u021bi formularul de mai jos sau da\u021bi-ne un telefon.[\/et_pb_text][\/et_pb_column][\/et_pb_row][\/et_pb_section][et_pb_section fb_built=&#8221;1&#8243; admin_label=&#8221;General 8&#8243; module_id=&#8221;c\u00e2mp de bi\u021bi&#8221; module_class=&#8221;sfly_general sfly_general_8 fullwidth&#8221; _builder_version=&#8221;4.24.3&#8243; _module_preset=&#8221;default&#8221; background_enable_color=&#8221;off&#8221; custom_padding=&#8221;0px||0px||true&#8221; locked=&#8221;off&#8221; global_colors_info=&#8221;{}&#8221; custom_css_main_element_last_edited=&#8221;on|tablet&#8221; custom_css_main_element_tablet=&#8221;width: 100%;||max-width: 100%;&#8221; custom_css_main_element_phone=&#8221;width: 100%;||max-width: 100%;&#8221;][et_pb_row column_structure=&#8221;1_2,1_2&#8243; use_custom_gutter=&#8221;on&#8221; gutter_width=&#8221;1&#8243; make_equal=&#8221;on&#8221; padding_top_bottom_link_2=&#8221;true&#8221; padding_left_right_link_2=&#8221;true&#8221; module_class=&#8221; reverse et_pb_row_fullwidth&#8221; _builder_version=&#8221;4.24.3&#8243; _module_preset=&#8221;default&#8221; width=&#8221;100%&#8221; width_tablet=&#8221;100%&#8221; width_phone=&#8221;&#8221; width_last_edited=&#8221;on|desktop&#8221; max_width=&#8221;100%&#8221; max_width_tablet=&#8221;100%&#8221; max_width_phone=&#8221;&#8221; max_width_last_edited=&#8221;on|desktop&#8221; custom_padding=&#8221;0px||0px||true&#8221; make_fullwidth=&#8221;on&#8221; custom_width_px=&#8221;750px&#8221; global_colors_info=&#8221;{}&#8221;][et_pb_column type=&#8221;1_2&#8243; module_class=&#8221;column2&#8243; _builder_version=&#8221;4.24.3&#8243; _module_preset=&#8221;default&#8221; background_color=&#8221;#f9f9f9&#8243; custom_padding=&#8221;5%|5%|5%|5%&#8221; custom_padding_tablet=&#8221;&#8221; custom_padding_phone=&#8221;10%|10%|10%|10%|true|true&#8221; custom_padding_last_edited=&#8221;on|phone&#8221; global_colors_info=&#8221;{}&#8221; padding_phone=&#8221;10%|10%|10%|10%|true|true&#8221; padding_last_edited=&#8221;on|phone&#8221; custom_padding__hover=&#8221;|||&#8221;][difl_advanced_blurb title=&#8221;Cu ajutor \u0219i consiliere&#8221; content_area_alignment=&#8221;left&#8221; order_enable=&#8221;on&#8221; sub_title_order=&#8221;6&#8243; content_width=&#8221;100%&#8221; title_margin=&#8221;||||false|false&#8221; content_margin=&#8221;10px||||false|false&#8221; content_area_alignment_tablet=&#8221;center&#8221; content_area_alignment_phone=&#8221;center&#8221; content_area_alignment_last_edited=&#8221;off|desktop&#8221; title_margin_tablet=&#8221;10px||||false|false&#8221; title_margin_phone=&#8221;0px||||false|false&#8221; title_margin_last_edited=&#8221;off|desktop&#8221; title_padding_tablet=&#8221;&#8221; title_padding_phone=&#8221;||0px||false|false&#8221; title_padding_last_edited=&#8221;on|phone&#8221; sub_title_padding_tablet=&#8221;&#8221; sub_title_padding_phone=&#8221;&#8221; sub_title_padding_last_edited=&#8221;on|phone&#8221; _builder_version=&#8221;4.25.0&#8243; _module_preset=&#8221;default&#8221; title_level=&#8221;h2&#8243; title_font=&#8221;|700|||||||&#8221; title_text_align=&#8221;left&#8221; title_text_color=&#8221;#2A4175&#8243; title_font_size=&#8221;56px&#8221; title_line_height=&#8221;68px&#8221; sub_title_font=&#8221;|600|||||||&#8221; sub_title_text_color=&#8221;#2A4175&#8243; content_body_font=&#8221;||||||||&#8221; content_body_text_align=&#8221;left&#8221; content_body_text_color=&#8221;#1C1C1C&#8221; content_body_font_size=&#8221;18px&#8221; content_body_line_height=&#8221;24px&#8221; module_alignment=&#8221;left&#8221; custom_margin=&#8221;||||false|false&#8221; custom_padding=&#8221;||||false|false&#8221; title_font_size_tablet=&#8221;&#8221; title_font_size_phone=&#8221;32px&#8221; title_font_size_last_edited=&#8221;on|phone&#8221; title_line_height_tablet=&#8221;&#8221; title_line_height_phone=&#8221;42px&#8221; title_line_height_last_edited=&#8221;on|phone&#8221; sub_title_font_size_tablet=&#8221;&#8221; sub_title_font_size_phone=&#8221;18px&#8221; sub_title_font_size_last_edited=&#8221;on|phone&#8221; sub_title_line_height_tablet=&#8221;&#8221; sub_title_line_height_phone=&#8221;26px&#8221; sub_title_line_height_last_edited=&#8221;on|phone&#8221; content_body_text_align_tablet=&#8221;center&#8221; content_body_text_align_last_edited=&#8221;off|tablet&#8221; locked=&#8221;off&#8221; global_colors_info=&#8221;{}&#8221;]<\/p>\n<p>Dna Schlegel de la laboratorul nostru de aplica\u021bii va fi bucuroas\u0103 s\u0103 v\u0103 ajute s\u0103 selecta\u021bi un dispozitiv de m\u0103surare a culorilor adecvat pentru aplica\u021bia dumneavoastr\u0103.<\/p>\n<p>Contacta\u021bi-ne \u0219i vom g\u0103si o modalitate de a v\u0103 sprijini de la distan\u021b\u0103 prin intermediul unui canal care v\u0103 convine (MS Teams, Zoom, TeamViewer, WebEx, Google Meet).<\/p>\n<p>[\/difl_advanced_blurb][difl_dual_button btn_left_background_bgcolor=&#8221;#DC4A50&#8243; use_left_button_icon=&#8221;off&#8221; btn_right_background_bgcolor=&#8221;#FFFFFF&#8221; use_right_button_icon=&#8221;off&#8221; left_button=&#8221;Solicita\u021bi o demonstra\u021bie live&#8221; left_button_url=&#8221;@ET-DC@eyJkeW5hbWljIjp0cnVlLCJjb250ZW50IjoicG9zdF9saW5rX3VybF9wYWdlIiwic2V0dGluZ3MiOnsicG9zdF9pZCI6IjM4NTAifX0=@&#8221; right_button_url=&#8221;\/wp-content\/uploads\/2024\/04\/ColorFlex-EZ-Broschuere-DE.pdf&#8221; right_button_target=&#8221;on&#8221; left_button_wrapper_margin=&#8221;|12px|||false|false&#8221; left_button_wrapper_margin_tablet=&#8221;|12px|||false|false&#8221; left_button_wrapper_margin_phone=&#8221;|0px|||false|false&#8221; left_button_wrapper_margin_last_edited=&#8221;on|phone&#8221; left_button_wrapper_padding_tablet=&#8221;&#8221; left_button_wrapper_padding_phone=&#8221;||20px||false|false&#8221; left_button_wrapper_padding_last_edited=&#8221;on|phone&#8221; right_button_wrapper_margin=&#8221;|||12px|false|false&#8221; right_button_wrapper_margin_tablet=&#8221;|||12px|false|false&#8221; right_button_wrapper_margin_phone=&#8221;|||0px|false|false&#8221; right_button_wrapper_margin_last_edited=&#8221;on|phone&#8221; left_button_padding=&#8221;16px|24px|16px|24px|true|true&#8221; left_button_padding_tablet=&#8221;16px|24px|16px|24px|true|true&#8221; left_button_padding_phone=&#8221;16px|16px|16px|16px|true|true&#8221; left_button_padding_last_edited=&#8221;on|phone&#8221; right_button_padding=&#8221;16px|24px|16px|24px|true|true&#8221; right_button_padding_tablet=&#8221;16px|24px|16px|24px|true|true&#8221; right_button_padding_phone=&#8221;16px|16px|16px|16px|true|true&#8221; right_button_padding_last_edited=&#8221;on|phone&#8221; alignment=&#8221;left&#8221; button_style_tablet=&#8221;&#8221; button_style_phone=&#8221;column&#8221; button_style_last_edited=&#8221;on|phone&#8221; alignment_tablet=&#8221;left&#8221; alignment_phone=&#8221;center&#8221; alignment_last_edited=&#8221;on|phone&#8221; _builder_version=&#8221;4.27.6&#8243; _module_preset=&#8221;default&#8221; left_button_font=&#8221;|700|||||||&#8221; left_button_text_color=&#8221;#FFFFFF&#8221; left_button_font_size=&#8221;16px&#8221; left_button_line_height=&#8221;22px&#8221; right_button_font=&#8221;|700|||||||&#8221; right_button_text_color=&#8221;#DC4A50&#8243; right_button_font_size=&#8221;16px&#8221; right_button_line_height=&#8221;22px&#8221; custom_margin=&#8221;||||false|false&#8221; custom_margin_tablet=&#8221;20px||60px||false|false&#8221; custom_margin_phone=&#8221;||||false|false&#8221; custom_margin_last_edited=&#8221;on|phone&#8221; custom_padding=&#8221;20px||||false|false&#8221; hover_enabled=&#8221;0&#8243; left_button_font_size_tablet=&#8221;16px&#8221; left_button_font_size_phone=&#8221;14px&#8221; left_button_font_size_last_edited=&#8221;on|phone&#8221; left_button_line_height_tablet=&#8221;22px&#8221; left_button_line_height_phone=&#8221;20px&#8221; left_button_line_height_last_edited=&#8221;on|phone&#8221; right_button_font_size_tablet=&#8221;16px&#8221; right_button_font_size_phone=&#8221;14px&#8221; right_button_font_size_last_edited=&#8221;on|phone&#8221; right_button_line_height_tablet=&#8221;22px&#8221; right_button_line_height_phone=&#8221;20px&#8221; right_button_line_height_last_edited=&#8221;on|phone&#8221; border_radii_left_button=&#8221;on|4px|4px|4px|4px&#8221; border_radii_right_button=&#8221;on|4px|4px|4px|4px&#8221; locked=&#8221;off&#8221; global_colors_info=&#8221;{}&#8221; btn_left_background_bgcolor__hover_enabled=&#8221;on|hover&#8221; btn_left_background_bgcolor__hover=&#8221;#2A4175&#8243; left_button_text_color__hover_enabled=&#8221;on|desktop&#8221; left_button_text_color__hover=&#8221;#FFFFFF&#8221; btn_right_background_bgcolor__hover_enabled=&#8221;on|desktop&#8221; btn_right_background_bgcolor__hover=&#8221;#DC4A50&#8243; right_button_text_color__hover_enabled=&#8221;on|hover&#8221; right_button_text_color__hover=&#8221;#FFFFFF&#8221; _dynamic_attributes=&#8221;left_button_url&#8221; sticky_enabled=&#8221;0&#8243;][\/difl_dual_button][\/et_pb_column][et_pb_column type=&#8221;1_2&#8243; module_class=&#8221;column1&#8243; _builder_version=&#8221;4.24.3&#8243; _module_preset=&#8221;default&#8221; background_image=&#8221;https:\/\/hunterlab.de\/wp-content\/uploads\/2024\/04\/Applikationlabor-HunterLab-854231fc.jpg&#8221; custom_padding=&#8221;|||&#8221; global_colors_info=&#8221;{}&#8221; custom_padding__hover=&#8221;|||&#8221;][et_pb_divider color=&#8221;rgba(0,0,0,0)&#8221; module_class=&#8221;divider_spacer&#8221; _builder_version=&#8221;4.24.3&#8243; _module_preset=&#8221;default&#8221; global_colors_info=&#8221;{}&#8221;][\/et_pb_divider][\/et_pb_column][\/et_pb_row][\/et_pb_section]<\/p>\n","protected":false},"excerpt":{"rendered":"<p><div class=\"et_pb_module difl_breadcrumbs difl_breadcrumbs_0\">\n\t\t\t\t\n\t\t\t\t\n\t\t\t\t\n\t\t\t\t\n\t\t\t\t\n\t\t\t\t\n\t\t\t\t<div class=\"et_pb_module_inner\">\n\t\t\t\t\t<div class=\"df_breadcrumbs_container\">\n                             <script type=\"application\/ld+json\">{\"@context\":\"https:\\\/\\\/schema.org\\\/\",\"@type\":\"BreadcrumbList\",\"itemListElement\":[{\"@type\":\"ListItem\",\"position\":1,\"name\":\" Acas\\u0103\",\"item\":\"https:\\\/\\\/www.hunterlab.eu\\\/ro\\\/\"}]}<\/script>\n                            <div class=\"df_breadcrumbs_wrapper\">\n                                <ul class=\"df-breadcrumbs\"><li class=\"df-breadcrumbs-item df-breadcrumbs-start\"><a href=\"https:\/\/www.hunterlab.eu\/ro\/\"  rel=\"home\"><span class=\"df-breadcrumbs-text\"> <span class=\"df-breadcrumbs-home-icon\"><span class=\"et-pb-icon df-home-icon\">&#xe074;<\/span><\/span> Acas\u0103 <\/span><\/a><\/li><\/ul>\n                            <\/div>\n\n                        <\/div>\n\t\t\t\t<\/div>\n\t\t\t<\/div>Demonstra\u021bie live a dispozitivelor noastre de la distan\u021b\u0103V\u0103 vom ar\u0103ta cum func\u021bioneaz\u0103! \u00centr-o demonstra\u021bie live prin Zoom, Teams etc. pute\u021bi ob\u021bine o impresie detaliat\u0103 a modului \u00een care func\u021bioneaz\u0103 dispozitivele noastre \u0219i pute\u021bi discuta direct cu [&hellip;]<\/p>\n","protected":false},"author":1,"featured_media":0,"parent":0,"menu_order":21,"comment_status":"closed","ping_status":"closed","template":"","meta":{"_et_pb_use_builder":"on","_et_pb_old_content":"","_et_gb_content_width":"","footnotes":""},"difl_page_category":[],"class_list":["post-366356","page","type-page","status-publish","hentry"],"_links":{"self":[{"href":"https:\/\/www.hunterlab.eu\/ro\/wp-json\/wp\/v2\/pages\/366356","targetHints":{"allow":["GET"]}}],"collection":[{"href":"https:\/\/www.hunterlab.eu\/ro\/wp-json\/wp\/v2\/pages"}],"about":[{"href":"https:\/\/www.hunterlab.eu\/ro\/wp-json\/wp\/v2\/types\/page"}],"author":[{"embeddable":true,"href":"https:\/\/www.hunterlab.eu\/ro\/wp-json\/wp\/v2\/users\/1"}],"replies":[{"embeddable":true,"href":"https:\/\/www.hunterlab.eu\/ro\/wp-json\/wp\/v2\/comments?post=366356"}],"version-history":[{"count":0,"href":"https:\/\/www.hunterlab.eu\/ro\/wp-json\/wp\/v2\/pages\/366356\/revisions"}],"wp:attachment":[{"href":"https:\/\/www.hunterlab.eu\/ro\/wp-json\/wp\/v2\/media?parent=366356"}],"wp:term":[{"taxonomy":"difl_page_category","embeddable":true,"href":"https:\/\/www.hunterlab.eu\/ro\/wp-json\/wp\/v2\/difl_page_category?post=366356"}],"curies":[{"name":"wp","href":"https:\/\/api.w.org\/{rel}","templated":true}]}}