{"id":347369,"date":"2024-07-05T14:58:04","date_gmt":"2024-07-05T13:58:04","guid":{"rendered":"https:\/\/hunterlab.de\/blog-2\/"},"modified":"2026-01-27T16:21:53","modified_gmt":"2026-01-27T15:21:53","slug":"blog","status":"publish","type":"page","link":"https:\/\/www.hunterlab.eu\/pl\/blog\/","title":{"rendered":"Blog"},"content":{"rendered":"<p>[et_pb_section fb_built=&#8221;1&#8243; admin_label=&#8221;Hero Section&#8221; _builder_version=&#8221;4.24.2&#8243; _module_preset=&#8221;default&#8221; background_enable_color=&#8221;off&#8221; use_background_color_gradient=&#8221;on&#8221; background_color_gradient_stops=&#8221;rgba(28,28,28,0.4) 0%|rgba(28,28,28,0.4) 100%&#8221; background_color_gradient_overlays_image=&#8221;on&#8221; background_image=&#8221;https:\/\/www.hunterlab.eu\/wp-content\/uploads\/2024\/03\/Hintergrund_bunt_11h-2880w.jpg&#8221; parallax=&#8221;on&#8221; custom_margin=&#8221;||||false|false&#8221; custom_padding=&#8221;100px||100px||false|false&#8221; locked=&#8221;off&#8221; collapsed=&#8221;off&#8221; global_colors_info=&#8221;{}&#8221;][et_pb_row _builder_version=&#8221;4.19.4&#8243; _module_preset=&#8221;default&#8221; global_colors_info=&#8221;{}&#8221;][et_pb_column type=&#8221;4_4&#8243; _builder_version=&#8221;4.19.4&#8243; _module_preset=&#8221;default&#8221; global_colors_info=&#8221;{}&#8221;][difl_breadcrumbs use_separator_icon=&#8221;on&#8221; separator_font_icon=&#8221;&#x35;||divi||400&#8243; separator_icon_color=&#8221;#FFFFFF&#8221; home_text=&#8221;Strona g\u0142\u00f3wna&#8221; use_home_icon=&#8221;on&#8221; home_font_icon=&#8221;&#xe074;||divi||400&#8243; home_icon_color=&#8221;#FFFFFF&#8221; alignment=&#8221;left&#8221; enable_schema=&#8221;on&#8221; home_icon_margin=&#8221;5px|9px|||false|false&#8221; _builder_version=&#8221;4.27.4&#8243; _module_preset=&#8221;default&#8221; pages_font_font=&#8221;|600|||||||&#8221; pages_font_text_color=&#8221;#FFFFFF&#8221; pages_font_line_height=&#8221;22px&#8221; home_font_font=&#8221;|700|||||||&#8221; home_font_line_height=&#8221;24px&#8221; custom_margin=&#8221;||0px||false|false&#8221; locked=&#8221;off&#8221; global_colors_info=&#8221;{}&#8221;][\/difl_breadcrumbs][et_pb_text content_tablet=&#8221;<\/p>\n<h1>Blog po\u015bwi\u0119cony pomiarowi koloru<\/h1>\n<p>&#8221; content_phone=&#8221;<\/p>\n<h1>Blog o technologii pomiaru koloru<\/h1>\n<p>&#8221; content_last_edited=&#8221;off|desktop&#8221; _builder_version=&#8221;4.27.4&#8243; _module_preset=&#8221;1b125d6a-18b9-4d45-a0d9-c5fc972be853&#8243; text_orientation=&#8221;left&#8221; custom_padding=&#8221;||||false|false&#8221; header_font_size_tablet=&#8221;&#8221; header_font_size_phone=&#8221;32px&#8221; header_font_size_last_edited=&#8221;on|phone&#8221; header_line_height_tablet=&#8221;&#8221; header_line_height_phone=&#8221;42px&#8221; header_line_height_last_edited=&#8221;on|phone&#8221; global_colors_info=&#8221;{}&#8221;]<\/p>\n<h1>Blog po\u015bwi\u0119cony pomiarowi koloru<\/h1>\n<p>[\/et_pb_text][et_pb_text _builder_version=&#8221;4.27.5&#8243; _module_preset=&#8221;1b125d6a-18b9-4d45-a0d9-c5fc972be853&#8243; text_font=&#8221;||||||||&#8221; text_font_size=&#8221;18px&#8221; text_line_height=&#8221;1.7em&#8221; text_orientation=&#8221;left&#8221; custom_padding=&#8221;||||false|false&#8221; hover_enabled=&#8221;0&#8243; global_colors_info=&#8221;{}&#8221; sticky_enabled=&#8221;0&#8243;]<\/p>\n<p>Blog HunterLab Europe informuje na bie\u017c\u0105co o zastosowaniach i metodach pomiarowych, prezentacjach produkt\u00f3w i nowo\u015bciach naszej firmy. Znajdziesz tu ciekawe przypadki u\u017cycia, instrukcje obs\u0142ugi naszych urz\u0105dze\u0144 do pomiaru koloru oraz skondensowan\u0105 wiedz\u0119 z zakresu kolorymetrii od naszych specjalist\u00f3w ds. zastosowa\u0144. Jakie s\u0105 zalety spektrofotometr\u00f3w i kt\u00f3re pr\u00f3bki nadaj\u0105 si\u0119 do instrumentalnego pomiaru koloru? Eksperci ds. kolorymetrii z HunterLab Europe udzielaj\u0105 pomocnych wskaz\u00f3wek i wsparcia oraz daj\u0105 wgl\u0105d w barwny i r\u00f3\u017cnorodny \u015bwiat pomiar\u00f3w koloru.   <\/p>\n<p>[\/et_pb_text][\/et_pb_column][\/et_pb_row][\/et_pb_section][et_pb_section fb_built=&#8221;1&#8243; _builder_version=&#8221;4.26.1&#8243; _module_preset=&#8221;default&#8221; locked=&#8221;off&#8221; global_colors_info=&#8221;{}&#8221;][et_pb_row _builder_version=&#8221;4.27.4&#8243; _module_preset=&#8221;default&#8221; width=&#8221;90%&#8221; max_width=&#8221;2560px&#8221; custom_padding=&#8221;0px||||false|false&#8221; global_colors_info=&#8221;{}&#8221;][et_pb_column type=&#8221;4_4&#8243; _builder_version=&#8221;4.26.1&#8243; _module_preset=&#8221;default&#8221; global_colors_info=&#8221;{}&#8221;][difl_cptfilter post_type=&#8221;post&#8221; post_display=&#8221;multiple_filter&#8221; tax_list_for_post=&#8221;on|on|off|off&#8221; tax_filter_field_type_post_category=&#8221;checkbox&#8221; tax_filter_field_type_post_post_tag=&#8221;checkbox&#8221; multi_filter_dropdown_placeholder_prefix=&#8221;Wszystkie&#8221; use_search_bar=&#8221;on&#8221; search_bar_button_text=&#8221;Wyszukiwanie&#8221; search_bar_placeholder_text=&#8221;Wyszukiwanie&#8221; use_empty_post_message=&#8221;on&#8221; empty_post_message=&#8221;Keine Ergebnisse gefunden&#8221; use_load_more=&#8221;on&#8221; use_load_more_text=&#8221;Za\u0142aduj wi\u0119cej&#8221; entire_item_clickable=&#8221;on&#8221; gutter=&#8221;20&#8243; filter_button_align=&#8221;flex-start&#8221; filter_button_active_bgcolor=&#8221;#edf0ee&#8221; filter_button_active_padding=&#8221;5px|5px|5px|5px|true|true&#8221; multi_filter_input_bg_bgcolor=&#8221;#edf0ee&#8221; multi_filter_placement=&#8221;right&#8221; multi_filter_item_align=&#8221;flex-start&#8221; enable_mobile_responsive_view_on_builder=&#8221;off&#8221; multi_filter_dropdown_container_margin=&#8221;||||false|false&#8221; multi_filter_dropdown_container_padding=&#8221;24px|24px|24px|24px|true|true&#8221; multi_filter_dropdown_container_padding_tablet=&#8221;|15px||15px|true|true&#8221; multi_filter_dropdown_container_padding_phone=&#8221;|15px||15px|true|true&#8221; multi_filter_dropdown_container_padding_last_edited=&#8221;on|tablet&#8221; multi_filter_checkbox_field_margin=&#8221;15px||24px||false|false&#8221; multi_filter_checkbox_field_margin_tablet=&#8221;15px||15px||false|true&#8221; multi_filter_checkbox_field_margin_phone=&#8221;15px||15px||false|true&#8221; multi_filter_checkbox_field_margin_last_edited=&#8221;on|tablet&#8221; multi_filter_checkbox_field_padding=&#8221;24px|24px|24px|24px|true|true&#8221; multi_filter_checkbox_field_padding_tablet=&#8221;15px|0px|15px|0px|true|true&#8221; multi_filter_checkbox_field_padding_phone=&#8221;15px|0px|15px|0px|true|true&#8221; multi_filter_checkbox_field_padding_last_edited=&#8221;on|tablet&#8221; multi_filter_checkbox_field_checkbox_item_gap=&#8221;10px&#8221; multi_filter_checkbox_field_checkbox_checked_color=&#8221;#2A4175&#8243; multi_filter_range_active_color=&#8221;#DC4A50&#8243; multi_filter_range_active_border_color=&#8221;#DC4A50&#8243; multi_filter_range_tooltip_bg=&#8221;#DC4A50&#8243; search_bar_input_background_bgcolor=&#8221;#FFFFFF&#8221; search_bar_button_background_bgcolor=&#8221;#DC4A50&#8243; search_input_width=&#8221;100%&#8221; use_search_bar_icon=&#8221;on&#8221; search_bar_font_icon=&#8221;&#xf002;||fa||900&#8243; search_button_icon_size=&#8221;18px&#8221; search_button_icon_color=&#8221;#FFFFFF&#8221; use_only_search_bar_icon=&#8221;on&#8221; load_more_align=&#8221;center&#8221; load_more_background_bgcolor=&#8221;#2A4175&#8243; load_more_padding=&#8221;16px|24px|16px|24px|true|true&#8221; item_padding=&#8221;24px|24px|24px|24px|true|true&#8221; search_bar_input_padding=&#8221;18px|18px|18px|18px|true|true&#8221; search_bar_button_margin=&#8221;|||-40px|false|false&#8221; search_bar_button_padding=&#8221;18px|18px|18px|18px|true|true&#8221; multi_filter_container_padding=&#8221;|||70px|false|false&#8221; multi_filter_container_padding_tablet=&#8221;|||20px|false|false&#8221; multi_filter_container_padding_phone=&#8221;|||0px|false|false&#8221; multi_filter_container_padding_last_edited=&#8221;on|phone&#8221; multi_filter_input_margin=&#8221;||||false|false&#8221; multi_filter_input_padding=&#8221;16px||16px|20px|true|false&#8221; multi_filter_input_padding_tablet=&#8221;16px||16px||true|false&#8221; multi_filter_input_padding_phone=&#8221;16px||16px||true|false&#8221; multi_filter_input_padding_last_edited=&#8221;on|tablet&#8221; multi_filter_label_margin=&#8221;||15px||false|false&#8221; loader_spining=&#8221;on&#8221; loader_spinning_color=&#8221;#2A4175&#8243; loader_spinning_bg_color=&#8221;#DC4A50&#8243; column_tablet=&#8221;1&#8243; column_phone=&#8221;1&#8243; column_last_edited=&#8221;on|phone&#8221; multi_filter_container_width_tablet=&#8221;40%&#8221; multi_filter_container_width_phone=&#8221;0%&#8221; multi_filter_container_width_last_edited=&#8221;on|tablet&#8221; _builder_version=&#8221;4.27.4&#8243; _module_preset=&#8221;default&#8221; filter_button_active_text_color=&#8221;#2A4175&#8243; filter_button_active_container_cancel_text_color=&#8221;#E02B20&#8243; multi_filter_input_font=&#8221;Poppins||||||||&#8221; multi_filter_input_text_color=&#8221;#809088&#8243; multi_filter_input_font_size=&#8221;16px&#8221; multi_filter_input_line_height=&#8221;24px&#8221; multi_filter_text_font=&#8221;Poppins||||||||&#8221; load_more_font=&#8221;|700|||||||&#8221; load_more_text_color=&#8221;#ffffff&#8221; load_more_font_size=&#8221;16px&#8221; empty_post_message_font=&#8221;|500|||||||&#8221; empty_post_message_text_color=&#8221;RGBA(28,28,28,0.8)&#8221; empty_post_message_font_size=&#8221;32px&#8221; empty_post_message_line_height=&#8221;38px&#8221; multi_filter_checkbox_label_font=&#8221;||||||||&#8221; multi_filter_checkbox_label_text_color=&#8221;#2A4175&#8243; multi_filter_checkbox_label_font_size=&#8221;20px&#8221; multi_filter_checkbox_label_line_height=&#8221;24px&#8221; multi_filter_acf_checkbox_text_font=&#8221;|300|||||||&#8221; multi_filter_acf_checkbox_text_text_color=&#8221;RGBA(28,28,28,0.8)&#8221; multi_filter_acf_checkbox_text_font_size=&#8221;15px&#8221; custom_margin=&#8221;||||false|false&#8221; custom_margin_tablet=&#8221;||||false|false&#8221; custom_margin_phone=&#8221;||||false|false&#8221; custom_margin_last_edited=&#8221;off|phone&#8221; load_more_font_size_tablet=&#8221;16px&#8221; load_more_font_size_phone=&#8221;14px&#8221; load_more_font_size_last_edited=&#8221;on|desktop&#8221; border_radii_item_outer=&#8221;on|8px|8px|8px|8px&#8221; border_width_all_item_outer=&#8221;1px&#8221; border_color_all_item_outer=&#8221;#e6e9e7&#8243; border_width_all_filter_button_active=&#8221;1px&#8221; border_color_all_filter_button_active=&#8221;#e6e9e7&#8243; border_color_all_filter_button_active_container_cancel=&#8221;#E09900&#8243; border_radii_multi_filter_input=&#8221;on|8px|8px|8px|8px&#8221; border_width_all_multi_filter_input=&#8221;0px&#8221; border_radii_multi_filter_dropdown_container=&#8221;on|16px|16px|16px|16px&#8221; border_width_all_multi_filter_dropdown_container=&#8221;1px&#8221; border_color_all_multi_filter_dropdown_container=&#8221;#e6e9e7&#8243; border_radii_multi_filter_checkbox_field=&#8221;on|16px|16px|16px|16px&#8221; border_width_all_multi_filter_checkbox_field=&#8221;1px&#8221; border_color_all_multi_filter_checkbox_field=&#8221;#e6e9e7&#8243; border_radii_load_more=&#8221;on|4px|4px|4px|4px&#8221; border_width_all_load_more=&#8221;2px&#8221; border_color_all_load_more=&#8221;#2A4175&#8243; border_radii_search_bar_input=&#8221;off|16px|0px||16px&#8221; border_color_all_search_bar_input=&#8221;#e6e9e7&#8243; border_width_right_search_bar_input=&#8221;0px&#8221; border_radii_search_bar_button=&#8221;on|16px|16px|16px|16px&#8221; global_colors_info=&#8221;{}&#8221; equal_height__hover=&#8221;1px||||false|false&#8221; equal_height__hover_enabled=&#8221;on|hover&#8221; border_color_all_load_more__hover_enabled=&#8221;on|hover&#8221; border_color_all_load_more__hover=&#8221;#2A4175&#8243; load_more_background_bgcolor__hover_enabled=&#8221;on|hover&#8221; load_more_background_bgcolor__hover=&#8221;#ffffff&#8221; load_more_text_color__hover_enabled=&#8221;on|desktop&#8221; load_more_text_color__hover=&#8221;#2A4175&#8243;][difl_cptitem type=&#8221;image&#8221; image_size=&#8221;large&#8221; image_full_width=&#8221;on&#8221; image_scale=&#8221;df-image-pan-up&#8221; element_margin=&#8221;||||false|false&#8221; _builder_version=&#8221;4.27.4&#8243; _module_preset=&#8221;default&#8221; border_radii=&#8221;on|8px|8px|8px|8px&#8221; global_colors_info=&#8221;{}&#8221;][\/difl_cptitem][difl_cptitem type=&#8221;date&#8221; date_format=&#8221;j. M Y&#8221; use_icon=&#8221;on&#8221; font_icon=&#8221;&#xf073;||fa||400&#8243; icon_color=&#8221;#DC4A50&#8243; icon_size=&#8221;18px&#8221; element_padding=&#8221;||||false|false&#8221; icon_margin=&#8221;-2px|15px|||false|false&#8221; _builder_version=&#8221;4.27.4&#8243; _module_preset=&#8221;default&#8221; body_line_height=&#8221;22px&#8221; global_colors_info=&#8221;{}&#8221;][\/difl_cptitem][difl_cptitem type=&#8221;title&#8221; title_tag=&#8221;h3&#8243; _builder_version=&#8221;4.27.4&#8243; _module_preset=&#8221;default&#8221; body_font=&#8221;|600|||||||&#8221; body_text_color=&#8221;#1C1C1C&#8221; body_font_size=&#8221;20px&#8221; body_line_height=&#8221;24px&#8221; global_colors_info=&#8221;{}&#8221; body_text_color__hover_enabled=&#8221;on|hover&#8221; body_text_color__hover=&#8221;#2A4175&#8243;][\/difl_cptitem][difl_cptitem type=&#8221;content&#8221; excerpt_length=&#8221;150&#8243; _builder_version=&#8221;4.27.4&#8243; _module_preset=&#8221;default&#8221; body_font=&#8221;||||||||&#8221; body_text_color=&#8221;RGBA(28,28,28,0.8)&#8221; body_font_size=&#8221;16px&#8221; body_line_height=&#8221;24px&#8221; global_colors_info=&#8221;{}&#8221;][\/difl_cptitem][difl_cptitem type=&#8221;button&#8221; read_more_text=&#8221;Czytaj wi\u0119cej&#8221; _builder_version=&#8221;4.27.4&#8243; _module_preset=&#8221;default&#8221; body_font=&#8221;|700|||||||&#8221; body_text_color=&#8221;#DC4A50&#8243; body_font_size=&#8221;16px&#8221; body_line_height=&#8221;22px&#8221; global_colors_info=&#8221;{}&#8221;][\/difl_cptitem][\/difl_cptfilter][\/et_pb_column][\/et_pb_row][\/et_pb_section]<\/p>\n","protected":false},"excerpt":{"rendered":"<p><div class=\"et_pb_module difl_breadcrumbs difl_breadcrumbs_0\">\n\t\t\t\t\n\t\t\t\t\n\t\t\t\t\n\t\t\t\t\n\t\t\t\t\n\t\t\t\t\n\t\t\t\t<div class=\"et_pb_module_inner\">\n\t\t\t\t\t<div class=\"df_breadcrumbs_container\">\n                             <script type=\"application\/ld+json\">{\"@context\":\"https:\\\/\\\/schema.org\\\/\",\"@type\":\"BreadcrumbList\",\"itemListElement\":[{\"@type\":\"ListItem\",\"position\":1,\"name\":\" Strona g\\u0142\\u00f3wna\",\"item\":\"https:\\\/\\\/www.hunterlab.eu\\\/pl\\\/\"}]}<\/script>\n                            <div class=\"df_breadcrumbs_wrapper\">\n                                <ul class=\"df-breadcrumbs\"><li class=\"df-breadcrumbs-item df-breadcrumbs-start\"><a href=\"https:\/\/www.hunterlab.eu\/pl\/\"  rel=\"home\"><span class=\"df-breadcrumbs-text\"> <span class=\"df-breadcrumbs-home-icon\"><span class=\"et-pb-icon df-home-icon\">&#xe074;<\/span><\/span> Strona g\u0142\u00f3wna <\/span><\/a><\/li><\/ul>\n                            <\/div>\n\n                        <\/div>\n\t\t\t\t<\/div>\n\t\t\t<\/div>Blog po\u015bwi\u0119cony pomiarowi koloruBlog HunterLab Europe informuje na bie\u017c\u0105co o zastosowaniach i metodach pomiarowych, prezentacjach produkt\u00f3w i nowo\u015bciach naszej firmy. Znajdziesz tu ciekawe przypadki u\u017cycia, instrukcje obs\u0142ugi naszych urz\u0105dze\u0144 do pomiaru koloru oraz skondensowan\u0105 [&hellip;]<\/p>\n","protected":false},"author":1,"featured_media":0,"parent":0,"menu_order":185,"comment_status":"closed","ping_status":"closed","template":"","meta":{"_et_pb_use_builder":"on","_et_pb_old_content":"","_et_gb_content_width":"","footnotes":""},"difl_page_category":[],"class_list":["post-347369","page","type-page","status-publish","hentry"],"_links":{"self":[{"href":"https:\/\/www.hunterlab.eu\/pl\/wp-json\/wp\/v2\/pages\/347369","targetHints":{"allow":["GET"]}}],"collection":[{"href":"https:\/\/www.hunterlab.eu\/pl\/wp-json\/wp\/v2\/pages"}],"about":[{"href":"https:\/\/www.hunterlab.eu\/pl\/wp-json\/wp\/v2\/types\/page"}],"author":[{"embeddable":true,"href":"https:\/\/www.hunterlab.eu\/pl\/wp-json\/wp\/v2\/users\/1"}],"replies":[{"embeddable":true,"href":"https:\/\/www.hunterlab.eu\/pl\/wp-json\/wp\/v2\/comments?post=347369"}],"version-history":[{"count":0,"href":"https:\/\/www.hunterlab.eu\/pl\/wp-json\/wp\/v2\/pages\/347369\/revisions"}],"wp:attachment":[{"href":"https:\/\/www.hunterlab.eu\/pl\/wp-json\/wp\/v2\/media?parent=347369"}],"wp:term":[{"taxonomy":"difl_page_category","embeddable":true,"href":"https:\/\/www.hunterlab.eu\/pl\/wp-json\/wp\/v2\/difl_page_category?post=347369"}],"curies":[{"name":"wp","href":"https:\/\/api.w.org\/{rel}","templated":true}]}}