{"id":347128,"date":"2024-03-06T00:47:19","date_gmt":"2024-03-05T23:47:19","guid":{"rendered":"https:\/\/hunterlab.de\/nadruk-2\/"},"modified":"2025-05-14T10:49:54","modified_gmt":"2025-05-14T09:49:54","slug":"nadruk","status":"publish","type":"page","link":"https:\/\/www.hunterlab.eu\/pl\/nadruk\/","title":{"rendered":"Nadruk"},"content":{"rendered":"<p>[et_pb_section fb_built=&#8221;1&#8243; admin_label=&#8221;section&#8221; _builder_version=&#8221;4.16&#8243; global_colors_info=&#8221;{}&#8221;][et_pb_row admin_label=&#8221;rz\u0105d&#8221; _builder_version=&#8221;4.16&#8243; background_size=&#8221;initial&#8221; background_position=&#8221;top_left&#8221; background_repeat=&#8221;repeat&#8221; global_colors_info=&#8221;{}&#8221;][et_pb_column type=&#8221;4_4&#8243; _builder_version=&#8221;4.16&#8243; custom_padding=&#8221;|||&#8221; global_colors_info=&#8221;{}&#8221; custom_padding__hover=&#8221;|||&#8221;][et_pb_text admin_label=&#8221;Text&#8221; _builder_version=&#8221;4.25.0&#8243; background_size=&#8221;initial&#8221; background_position=&#8221;top_left&#8221; background_repeat=&#8221;repeat&#8221; global_colors_info=&#8221;{}&#8221;]<\/p>\n<h1>Nadruk<\/h1>\n<p>HunterLab Europe GmbH<br \/>Dr.-August-Einsele-Ring 15<br \/>82418 Murnau a. Staffelsee<\/p>\n<p>Rejestr handlowy: HRB 276562<br \/>S\u0105d rejestrowy: S\u0105d lokalny w Monachium<\/p>\n<p><strong>Przedstawiciele:<\/strong><br \/>Christian Jansen, Robert M. Weaver<\/p>\n<h2>Skontaktuj si\u0119 z nami<\/h2>\n<p>Telefon: +49 8841 9464<br \/>Faks: +49 8841 99472<br \/>E-mail: info@hunterlab.de<\/p>\n<h2>Identyfikator podatkowy sprzeda\u017cy<\/h2>\n<p>Numer identyfikacji podatkowej zgodnie z \u00a7 27 a ustawy o podatku od sprzeda\u017cy:<br \/>DE354962477<\/p>\n<h2>Odpowiedzialno\u015b\u0107 redakcyjna<\/h2>\n<p>HunterLab Europe GmbH<br \/>Christian Jansen, Robert M. Weaver<br \/>Dr.-August-Einsele-Ring 15<br \/>82418 Murnau a. Staffelsee<br \/>Niemcy<\/p>\n<h2>Rozstrzyganie spor\u00f3w w UE<\/h2>\n<p>Komisja Europejska udost\u0119pnia platform\u0119 internetowego rozstrzygania spor\u00f3w (OS): <a href=\"https:\/\/ec.europa.eu\/consumers\/odr\/\" target=\"_blank\" rel=\"noopener noreferrer\">https:\/\/ec.europa.eu\/consumers\/odr\/.<\/a><br \/> Nasz adres e-mail mo\u017cna znale\u017a\u0107 w powy\u017cszej nocie prawnej.<\/p>\n<h2>Rozstrzyganie spor\u00f3w konsumenckich\/uniwersalne centrum arbitra\u017cowe<\/h2>\n<p>Nie jeste\u015bmy sk\u0142onni ani zobowi\u0105zani do udzia\u0142u w post\u0119powaniu rozstrzygaj\u0105cym spory przed komisj\u0105 arbitra\u017cow\u0105 ds. konsument\u00f3w.<\/p>\n<h2>Centralny punkt kontaktowy zgodnie z ustaw\u0105 o us\u0142ugach cyfrowych &#8211; DSA (rozporz\u0105dzenie (UE) 2022\/265)<\/h2>\n<p>Mo\u017cesz skontaktowa\u0107 si\u0119 z naszym centralnym punktem kontaktowym dla u\u017cytkownik\u00f3w i w\u0142adz zgodnie z art. 11, 12 DSA w nast\u0119puj\u0105cy spos\u00f3b:<\/p>\n<p>E-mail: info@hunterlab.de<br \/>Telefon: +49 8841 9464\n<\/p>\n<p>J\u0119zyki dost\u0119pne do kontaktu to: Niemiecki, Angielski.<\/p>\n<p>[\/et_pb_text][\/et_pb_column][\/et_pb_row][\/et_pb_section]<\/p>\n","protected":false},"excerpt":{"rendered":"<p>Nadruk HunterLab Europe GmbHDr.-August-Einsele-Ring 1582418 Murnau a. Staffelsee Rejestr handlowy: HRB 276562S\u0105d rejestrowy: S\u0105d lokalny w Monachium Przedstawiciele:Christian Jansen, Robert M. Weaver Skontaktuj si\u0119 z nami Telefon: +49 8841 9464Faks: +49 8841 99472E-mail: info@hunterlab.de Identyfikator podatkowy sprzeda\u017cy Numer identyfikacji podatkowej zgodnie z \u00a7 27 a ustawy o podatku od sprzeda\u017cy:DE354962477 Odpowiedzialno\u015b\u0107 redakcyjna HunterLab Europe GmbHChristian [&hellip;]<\/p>\n","protected":false},"author":1,"featured_media":0,"parent":0,"menu_order":133,"comment_status":"closed","ping_status":"closed","template":"","meta":{"_et_pb_use_builder":"on","_et_pb_old_content":"","_et_gb_content_width":"","footnotes":""},"difl_page_category":[],"class_list":["post-347128","page","type-page","status-publish","hentry"],"_links":{"self":[{"href":"https:\/\/www.hunterlab.eu\/pl\/wp-json\/wp\/v2\/pages\/347128","targetHints":{"allow":["GET"]}}],"collection":[{"href":"https:\/\/www.hunterlab.eu\/pl\/wp-json\/wp\/v2\/pages"}],"about":[{"href":"https:\/\/www.hunterlab.eu\/pl\/wp-json\/wp\/v2\/types\/page"}],"author":[{"embeddable":true,"href":"https:\/\/www.hunterlab.eu\/pl\/wp-json\/wp\/v2\/users\/1"}],"replies":[{"embeddable":true,"href":"https:\/\/www.hunterlab.eu\/pl\/wp-json\/wp\/v2\/comments?post=347128"}],"version-history":[{"count":0,"href":"https:\/\/www.hunterlab.eu\/pl\/wp-json\/wp\/v2\/pages\/347128\/revisions"}],"wp:attachment":[{"href":"https:\/\/www.hunterlab.eu\/pl\/wp-json\/wp\/v2\/media?parent=347128"}],"wp:term":[{"taxonomy":"difl_page_category","embeddable":true,"href":"https:\/\/www.hunterlab.eu\/pl\/wp-json\/wp\/v2\/difl_page_category?post=347128"}],"curies":[{"name":"wp","href":"https:\/\/api.w.org\/{rel}","templated":true}]}}