{"id":347151,"date":"2024-03-06T00:47:19","date_gmt":"2024-03-05T23:47:19","guid":{"rendered":"https:\/\/hunterlab.de\/mentions-legales-2\/"},"modified":"2025-05-14T10:49:53","modified_gmt":"2025-05-14T09:49:53","slug":"mentions-legales","status":"publish","type":"page","link":"https:\/\/www.hunterlab.eu\/fr\/mentions-legales\/","title":{"rendered":"Mentions l\u00e9gales"},"content":{"rendered":"<p>[et_pb_section fb_built=\u00a0\u00bb1&Prime; admin_label=\u00a0\u00bbsection\u00a0\u00bb _builder_version=\u00a0\u00bb4.16&Prime; global_colors_info=\u00a0\u00bb{}\u00a0\u00bb][et_pb_row admin_label=\u00a0\u00bbrow\u00a0\u00bb _builder_version=\u00a0\u00bb4.16&Prime; background_size=\u00a0\u00bbinitial\u00a0\u00bb background_position=\u00a0\u00bbtop_left\u00a0\u00bb background_repeat=\u00a0\u00bbrepeat\u00a0\u00bb global_colors_info=\u00a0\u00bb{}\u00a0\u00bb][et_pb_column type=\u00a0\u00bb4_4&Prime; _builder_version=\u00a0\u00bb4.16&Prime; custom_padding=\u00a0\u00bb|||\u00a0\u00bb global_colors_info=\u00a0\u00bb{}\u00a0\u00bb custom_padding__hover=\u00a0\u00bb|||\u00a0\u00bb][et_pb_text admin_label=\u00a0\u00bbText\u00a0\u00bb _builder_version=\u00a0\u00bb4.25.0&Prime; background_size=\u00a0\u00bbinitial\u00a0\u00bb background_position=\u00a0\u00bbtop_left\u00a0\u00bb background_repeat=\u00a0\u00bbrepeat\u00a0\u00bb global_colors_info=\u00a0\u00bb{}\u00a0\u00bb]<\/p>\n<h1>Mentions l\u00e9gales<\/h1>\n<p>HunterLab Europe GmbH<br \/>Dr.-August-Einsele-Ring 15<br \/>82418 Murnau a. Staffelsee<\/p>\n<p>Registre du commerce : HRB 276562<br \/>Tribunal d&rsquo;enregistrement : Tribunal d&rsquo;instance de Munich<\/p>\n<p><strong>Repr\u00e9sent\u00e9 par :<\/strong><br \/>Christian Jansen, Robert M. Weaver<\/p>\n<h2>Contact<\/h2>\n<p>T\u00e9l\u00e9phone : +49 8841 9464<br \/>T\u00e9l\u00e9copieur : +49 8841 99472<br \/>E-mail : info@hunterlab.de<\/p>\n<h2>Num\u00e9ro d&rsquo;identification de la taxe sur le chiffre d&rsquo;affaires<\/h2>\n<p>Num\u00e9ro d&rsquo;identification de la taxe sur le chiffre d&rsquo;affaires conform\u00e9ment au \u00a7 27 a de la loi sur la taxe sur le chiffre d&rsquo;affaires :<br \/>DE354962477<\/p>\n<h2>Responsable de la r\u00e9daction<\/h2>\n<p>HunterLab Europe GmbH<br \/>Christian Jansen, Robert M. Weaver<br \/>Dr.-August-Einsele-Ring 15<br \/>82418 Murnau a. Staffelsee<br \/>Allemagne<\/p>\n<h2>R\u00e8glement des litiges de l&rsquo;UE<\/h2>\n<p>La Commission europ\u00e9enne met \u00e0 disposition une plateforme de r\u00e8glement en ligne des litiges (RLL) <a href=\"https:\/\/ec.europa.eu\/consumers\/odr\/\" target=\"_blank\" rel=\"noopener noreferrer\">: https:\/\/ec.europa.eu\/consumers\/odr\/.<\/a><br \/> Vous trouverez notre adresse \u00e9lectronique dans les mentions l\u00e9gales ci-dessus.<\/p>\n<h2>R\u00e8glement des litiges de consommation\/organe universel de conciliation<\/h2>\n<p>Nous ne sommes pas dispos\u00e9s ou oblig\u00e9s de participer \u00e0 des proc\u00e9dures de r\u00e8glement des litiges devant un organisme de conciliation des consommateurs.<\/p>\n<h2>Point de contact central en vertu de la loi sur les services num\u00e9riques &#8211; DSA (r\u00e8glement (UE) 2022\/265)<\/h2>\n<p>Vous pouvez contacter notre point de contact central pour les utilisateurs et les autorit\u00e9s conform\u00e9ment aux articles 11 et 12 de la DSA comme suit :<\/p>\n<p>E-mail : info@hunterlab.de<br \/>T\u00e9l\u00e9phone : +49 8841 9464\n<\/p>\n<p>Les langues disponibles pour le contact sont : Allemand, Anglais.<\/p>\n<p>[\/et_pb_text][\/et_pb_column][\/et_pb_row][\/et_pb_section]<\/p>\n","protected":false},"excerpt":{"rendered":"<p>Mentions l\u00e9gales HunterLab Europe GmbHDr.-August-Einsele-Ring 1582418 Murnau a. Staffelsee Registre du commerce : HRB 276562Tribunal d&rsquo;enregistrement : Tribunal d&rsquo;instance de Munich Repr\u00e9sent\u00e9 par :Christian Jansen, Robert M. Weaver Contact T\u00e9l\u00e9phone : +49 8841 9464T\u00e9l\u00e9copieur : +49 8841 99472E-mail : info@hunterlab.de Num\u00e9ro d&rsquo;identification de la taxe sur le chiffre d&rsquo;affaires Num\u00e9ro d&rsquo;identification de la taxe sur [&hellip;]<\/p>\n","protected":false},"author":1,"featured_media":0,"parent":0,"menu_order":133,"comment_status":"closed","ping_status":"closed","template":"","meta":{"_et_pb_use_builder":"on","_et_pb_old_content":"","_et_gb_content_width":"","footnotes":""},"difl_page_category":[],"class_list":["post-347151","page","type-page","status-publish","hentry"],"_links":{"self":[{"href":"https:\/\/www.hunterlab.eu\/fr\/wp-json\/wp\/v2\/pages\/347151","targetHints":{"allow":["GET"]}}],"collection":[{"href":"https:\/\/www.hunterlab.eu\/fr\/wp-json\/wp\/v2\/pages"}],"about":[{"href":"https:\/\/www.hunterlab.eu\/fr\/wp-json\/wp\/v2\/types\/page"}],"author":[{"embeddable":true,"href":"https:\/\/www.hunterlab.eu\/fr\/wp-json\/wp\/v2\/users\/1"}],"replies":[{"embeddable":true,"href":"https:\/\/www.hunterlab.eu\/fr\/wp-json\/wp\/v2\/comments?post=347151"}],"version-history":[{"count":0,"href":"https:\/\/www.hunterlab.eu\/fr\/wp-json\/wp\/v2\/pages\/347151\/revisions"}],"wp:attachment":[{"href":"https:\/\/www.hunterlab.eu\/fr\/wp-json\/wp\/v2\/media?parent=347151"}],"wp:term":[{"taxonomy":"difl_page_category","embeddable":true,"href":"https:\/\/www.hunterlab.eu\/fr\/wp-json\/wp\/v2\/difl_page_category?post=347151"}],"curies":[{"name":"wp","href":"https:\/\/api.w.org\/{rel}","templated":true}]}}