{"id":365188,"date":"2024-03-06T00:47:19","date_gmt":"2024-03-05T23:47:19","guid":{"rendered":"https:\/\/hunterlab.de\/jaelki\/"},"modified":"2025-08-08T12:59:06","modified_gmt":"2025-08-08T11:59:06","slug":"jaelki","status":"publish","type":"page","link":"https:\/\/www.hunterlab.eu\/fi\/jaelki\/","title":{"rendered":"J\u00e4lki"},"content":{"rendered":"<p>[et_pb_section fb_built=&#8221;1&#8243; admin_label=&#8221;section&#8221; _builder_version=&#8221;4.16&#8243; global_colors_info=&#8221;{}&#8221;][et_pb_row admin_label=&#8221;rivi&#8221; _builder_version=&#8221;4.16&#8243; background_size=&#8221;initial&#8221; background_position=&#8221;top_left&#8221; background_repeat=&#8221;repeat&#8221; global_colors_info=&#8221;{}&#8221;][et_pb_column type=&#8221;4_4&#8243; _builder_version=&#8221;4.16&#8243; custom_padding=&#8221;|||&#8221; global_colors_info=&#8221;{}&#8221; custom_padding__hover=&#8221;|||&#8221;][et_pb_text admin_label=&#8221;Text&#8221; _builder_version=&#8221;4.25.0&#8243; background_size=&#8221;initial&#8221; background_position=&#8221;top_left&#8221; background_repeat=&#8221;repeat&#8221; global_colors_info=&#8221;{}&#8221;]<\/p>\n<h1>J\u00e4lki<\/h1>\n<p>HunterLab Europe GmbH<br \/>Dr.-August-Einsele-Ring 15<br \/>82418 Murnau a. Staffelsee<\/p>\n<p>Kaupparekisteri: HRB 276562<br \/>Rekisterituomioistuin: M\u00fcnchenin k\u00e4r\u00e4j\u00e4oikeus.<\/p>\n<p><strong>Edustajat:<\/strong><br \/>Christian Jansen, Robert M. Weaver<\/p>\n<h2>Ota yhteytt\u00e4<\/h2>\n<p>Puhelin: +49 8841 9464<br \/>Faksi: +49 8841 99472<br \/>S\u00e4hk\u00f6posti: info@hunterlab.de.<\/p>\n<h2>Myyntiverotunniste<\/h2>\n<p>Myyntiverolain 27 a \u00a7:n mukainen liikevaihtoverotunniste:<br \/>DE354962477.<\/p>\n<h2>Toimituksellisesti vastuullinen<\/h2>\n<p>HunterLab Europe GmbH<br \/>Christian Jansen, Robert M. Weaver<br \/>Dr.-August-Einsele-Ring 15<br \/>82418 Murnau a. Staffelsee<br \/>Germany<\/p>\n<h2>EU:n riitojenratkaisu<\/h2>\n<p>Euroopan komissio tarjoaa foorumin verkkov\u00e4litteist\u00e4 riidanratkaisua varten: https <a href=\"https:\/\/ec.europa.eu\/consumers\/odr\/\" target=\"_blank\" rel=\"noopener noreferrer\">:\/\/ec.europa.eu\/consumers\/odr<\/a>\/.<br \/> S\u00e4hk\u00f6postiosoitteemme l\u00f6ytyy edell\u00e4 olevasta oikeudellisesta ilmoituksesta.<\/p>\n<h2>Kuluttajariitojen ratkaisukeskus\/yleinen v\u00e4limiesmenettelykeskus<\/h2>\n<p>Emme ole halukkaita tai velvollisia osallistumaan riidanratkaisumenettelyyn kuluttajasovittelulautakunnassa.<\/p>\n<h2>Digitaalipalvelulain (asetus (EU) 2022\/265) mukainen keskusyhteyspiste.<\/h2>\n<p>Voit ottaa yhteytt\u00e4 k\u00e4ytt\u00e4jien ja viranomaisten keskitettyyn yhteyspisteeseemme DSA:n 11 ja 12 artiklan mukaisesti seuraavasti:<\/p>\n<p>S\u00e4hk\u00f6posti: info@hunterlab.de<br \/>Puhelin: +49 8841 9464.\n<\/p>\n<p>K\u00e4ytett\u00e4viss\u00e4 olevat kielet ovat: Saksa, englanti.<\/p>\n<p>[\/et_pb_text][\/et_pb_column][\/et_pb_row][\/et_pb_section]<\/p>\n","protected":false},"excerpt":{"rendered":"<p>J\u00e4lki HunterLab Europe GmbHDr.-August-Einsele-Ring 1582418 Murnau a. Staffelsee Kaupparekisteri: HRB 276562Rekisterituomioistuin: M\u00fcnchenin k\u00e4r\u00e4j\u00e4oikeus. Edustajat:Christian Jansen, Robert M. Weaver Ota yhteytt\u00e4 Puhelin: +49 8841 9464Faksi: +49 8841 99472S\u00e4hk\u00f6posti: info@hunterlab.de. Myyntiverotunniste Myyntiverolain 27 a \u00a7:n mukainen liikevaihtoverotunniste:DE354962477. Toimituksellisesti vastuullinen HunterLab Europe GmbHChristian Jansen, Robert M. WeaverDr.-August-Einsele-Ring 1582418 Murnau a. StaffelseeGermany EU:n riitojenratkaisu Euroopan komissio tarjoaa foorumin verkkov\u00e4litteist\u00e4 [&hellip;]<\/p>\n","protected":false},"author":1,"featured_media":0,"parent":0,"menu_order":133,"comment_status":"closed","ping_status":"closed","template":"","meta":{"_et_pb_use_builder":"on","_et_pb_old_content":"","_et_gb_content_width":"","footnotes":""},"difl_page_category":[],"class_list":["post-365188","page","type-page","status-publish","hentry"],"_links":{"self":[{"href":"https:\/\/www.hunterlab.eu\/fi\/wp-json\/wp\/v2\/pages\/365188","targetHints":{"allow":["GET"]}}],"collection":[{"href":"https:\/\/www.hunterlab.eu\/fi\/wp-json\/wp\/v2\/pages"}],"about":[{"href":"https:\/\/www.hunterlab.eu\/fi\/wp-json\/wp\/v2\/types\/page"}],"author":[{"embeddable":true,"href":"https:\/\/www.hunterlab.eu\/fi\/wp-json\/wp\/v2\/users\/1"}],"replies":[{"embeddable":true,"href":"https:\/\/www.hunterlab.eu\/fi\/wp-json\/wp\/v2\/comments?post=365188"}],"version-history":[{"count":0,"href":"https:\/\/www.hunterlab.eu\/fi\/wp-json\/wp\/v2\/pages\/365188\/revisions"}],"wp:attachment":[{"href":"https:\/\/www.hunterlab.eu\/fi\/wp-json\/wp\/v2\/media?parent=365188"}],"wp:term":[{"taxonomy":"difl_page_category","embeddable":true,"href":"https:\/\/www.hunterlab.eu\/fi\/wp-json\/wp\/v2\/difl_page_category?post=365188"}],"curies":[{"name":"wp","href":"https:\/\/api.w.org\/{rel}","templated":true}]}}