{"id":379751,"date":"2024-03-06T00:47:19","date_gmt":"2024-03-05T23:47:19","guid":{"rendered":"https:\/\/hunterlab.eu\/pie-de-imprenta\/"},"modified":"2025-12-16T21:47:30","modified_gmt":"2025-12-16T20:47:30","slug":"pie-de-imprenta","status":"publish","type":"page","link":"https:\/\/www.hunterlab.eu\/es\/pie-de-imprenta\/","title":{"rendered":"Pie de imprenta"},"content":{"rendered":"<p>[et_pb_section fb_built=\u00bb1&#8243; admin_label=\u00bbsection\u00bb _builder_version=\u00bb4.16&#8243; global_colors_info=\u00bb{}\u00bb][et_pb_row admin_label=\u00bbfila\u00bb _builder_version=\u00bb4.16&#8243; background_size=\u00bbinitial\u00bb background_position=\u00bbtop_left\u00bb background_repeat=\u00bbrepeat\u00bb global_colors_info=\u00bb{}\u00bb][et_pb_column type=\u00bb4_4&#8243; _builder_version=\u00bb4.16&#8243; custom_padding=\u00bb|||\u00bb global_colors_info=\u00bb{}\u00bb custom_padding__hover=\u00bb|||\u00bb][et_pb_text admin_label=\u00bbText\u00bb _builder_version=\u00bb4.25.0&#8243; background_size=\u00bbinitial\u00bb background_position=\u00bbtop_left\u00bb background_repeat=\u00bbrepeat\u00bb global_colors_info=\u00bb{}\u00bb]<\/p>\n<h1>Pie de imprenta<\/h1>\n<p>HunterLab Europe GmbH<br \/>Dr.-August-Einsele-Ring 15<br \/>82418 Murnau a. Staffelsee<\/p>\n<p>Registro mercantil: HRB 276562<br \/>Tribunal de registro: Juzgado de Primera Instancia de M\u00fanich<\/p>\n<p><strong>Representados por:<\/strong><br \/>Christian Jansen, Robert M. Weaver<\/p>\n<h2>Contacta con nosotros<\/h2>\n<p>Tel\u00e9fono: +49 8841 9464<br \/>Fax: +49 8841 99472<br \/>Correo electr\u00f3nico: info@hunterlab.de<\/p>\n<h2>N\u00famero de identificaci\u00f3n fiscal<\/h2>\n<p>N\u00famero de identificaci\u00f3n fiscal seg\u00fan el \u00a7 27 a de la ley del impuesto sobre las ventas:<br \/>DE354962477<\/p>\n<h2>Editorialmente responsable<\/h2>\n<p>HunterLab Europe GmbH<br \/>Christian Jansen, Robert M. Weaver<br \/>Dr.-August-Einsele-Ring 15<br \/>82418 Murnau a. Staffelsee<br \/>Alemania<\/p>\n<h2>Resoluci\u00f3n de litigios en la UE<\/h2>\n<p>La Comisi\u00f3n Europea ofrece una plataforma para la resoluci\u00f3n de litigios en l\u00ednea (OS): <a href=\"https:\/\/ec.europa.eu\/consumers\/odr\/\" target=\"_blank\" rel=\"noopener noreferrer\">https:\/\/ec.europa.eu\/consumers\/odr\/.<\/a><br \/> Puedes encontrar nuestra direcci\u00f3n de correo electr\u00f3nico en el aviso legal anterior.<\/p>\n<h2>Resoluci\u00f3n de litigios de consumo\/centro de arbitraje universal<\/h2>\n<p>No estamos dispuestos ni obligados a participar en procedimientos de resoluci\u00f3n de litigios ante una junta de arbitraje de consumo.<\/p>\n<h2>Punto de contacto central con arreglo a la Ley de Servicios Digitales &#8211; DSA (Reglamento (UE) 2022\/265)<\/h2>\n<p>Puedes ponerte en contacto con nuestro punto central de contacto para usuarios y autoridades de acuerdo con el Art. 11, 12 DSA de la siguiente manera:<\/p>\n<p>Correo electr\u00f3nico: info@hunterlab.de<br \/>Tel\u00e9fono: +49 8841 9464\n<\/p>\n<p>Los idiomas disponibles para contactar son: Alem\u00e1n, Ingl\u00e9s.<\/p>\n<p>[\/et_pb_text][\/et_pb_column][\/et_pb_row][\/et_pb_section]<\/p>\n","protected":false},"excerpt":{"rendered":"<p>Pie de imprenta HunterLab Europe GmbHDr.-August-Einsele-Ring 1582418 Murnau a. Staffelsee Registro mercantil: HRB 276562Tribunal de registro: Juzgado de Primera Instancia de M\u00fanich Representados por:Christian Jansen, Robert M. Weaver Contacta con nosotros Tel\u00e9fono: +49 8841 9464Fax: +49 8841 99472Correo electr\u00f3nico: info@hunterlab.de N\u00famero de identificaci\u00f3n fiscal N\u00famero de identificaci\u00f3n fiscal seg\u00fan el \u00a7 27 a de la [&hellip;]<\/p>\n","protected":false},"author":1,"featured_media":0,"parent":0,"menu_order":133,"comment_status":"closed","ping_status":"closed","template":"","meta":{"_et_pb_use_builder":"on","_et_pb_old_content":"","_et_gb_content_width":"","footnotes":""},"difl_page_category":[],"class_list":["post-379751","page","type-page","status-publish","hentry"],"_links":{"self":[{"href":"https:\/\/www.hunterlab.eu\/es\/wp-json\/wp\/v2\/pages\/379751","targetHints":{"allow":["GET"]}}],"collection":[{"href":"https:\/\/www.hunterlab.eu\/es\/wp-json\/wp\/v2\/pages"}],"about":[{"href":"https:\/\/www.hunterlab.eu\/es\/wp-json\/wp\/v2\/types\/page"}],"author":[{"embeddable":true,"href":"https:\/\/www.hunterlab.eu\/es\/wp-json\/wp\/v2\/users\/1"}],"replies":[{"embeddable":true,"href":"https:\/\/www.hunterlab.eu\/es\/wp-json\/wp\/v2\/comments?post=379751"}],"version-history":[{"count":0,"href":"https:\/\/www.hunterlab.eu\/es\/wp-json\/wp\/v2\/pages\/379751\/revisions"}],"wp:attachment":[{"href":"https:\/\/www.hunterlab.eu\/es\/wp-json\/wp\/v2\/media?parent=379751"}],"wp:term":[{"taxonomy":"difl_page_category","embeddable":true,"href":"https:\/\/www.hunterlab.eu\/es\/wp-json\/wp\/v2\/difl_page_category?post=379751"}],"curies":[{"name":"wp","href":"https:\/\/api.w.org\/{rel}","templated":true}]}}